


{"id":31,"date":"2025-08-22T15:28:04","date_gmt":"2025-08-22T15:28:04","guid":{"rendered":"https:\/\/pmsacademy.pt\/?page_id=31"},"modified":"2025-08-22T15:28:04","modified_gmt":"2025-08-22T15:28:04","slug":"relatorio-o-meu-horario","status":"publish","type":"page","link":"https:\/\/pmsacademy.pt\/?page_id=31","title":{"rendered":"Relat\u00f3rio \u2014 O meu hor\u00e1rio"},"content":{"rendered":"<p>Inicia sess\u00e3o para veres o teu hor\u00e1rio.<\/p>\n","protected":false},"excerpt":{"rendered":"","protected":false},"author":1,"featured_media":0,"parent":0,"menu_order":0,"comment_status":"closed","ping_status":"closed","template":"","meta":{"_acf_changed":false,"footnotes":""},"class_list":["post-31","page","type-page","status-publish","hentry"],"acf":[],"_links":{"self":[{"href":"https:\/\/pmsacademy.pt\/index.php?rest_route=\/wp\/v2\/pages\/31","targetHints":{"allow":["GET"]}}],"collection":[{"href":"https:\/\/pmsacademy.pt\/index.php?rest_route=\/wp\/v2\/pages"}],"about":[{"href":"https:\/\/pmsacademy.pt\/index.php?rest_route=\/wp\/v2\/types\/page"}],"author":[{"embeddable":true,"href":"https:\/\/pmsacademy.pt\/index.php?rest_route=\/wp\/v2\/users\/1"}],"replies":[{"embeddable":true,"href":"https:\/\/pmsacademy.pt\/index.php?rest_route=%2Fwp%2Fv2%2Fcomments&post=31"}],"version-history":[{"count":0,"href":"https:\/\/pmsacademy.pt\/index.php?rest_route=\/wp\/v2\/pages\/31\/revisions"}],"wp:attachment":[{"href":"https:\/\/pmsacademy.pt\/index.php?rest_route=%2Fwp%2Fv2%2Fmedia&parent=31"}],"curies":[{"name":"wp","href":"https:\/\/api.w.org\/{rel}","templated":true}]}}